{"id":793,"date":"2023-09-26T17:37:07","date_gmt":"2023-09-26T23:37:07","guid":{"rendered":"https:\/\/www.mxceptec.com\/mxceptec\/?page_id=793"},"modified":"2024-04-04T18:30:44","modified_gmt":"2024-04-05T00:30:44","slug":"scm","status":"publish","type":"page","link":"https:\/\/www.mxceptec.com\/mxceptec\/scm\/","title":{"rendered":"SCM (Supply Chain Management)"},"content":{"rendered":"<div  data-id=\"initial-content-section\" data-export-id=\"initial-content-section\" data-label=\"Initial Content\" id=\"initial-content-section\" class=\"content-section content-section-spacing\">\n   <div  class=\"gridContainer\">\n     <div  class=\"row\">\n\n        <div  class=\"col-xs-12 col-sm-12\">                <p  style=\"text-align: justify;\"><span style=\"color: rgb(55, 57, 60); font-weight: 600;\" >Con Oracle Supply Chain Management (SCM) y Manufacturing, las organizaciones pueden responder r\u00e1pidamente a las condiciones cambiantes de la demanda, el suministro y el mercado. Conecta su cadena de suministro f\u00e1cilmente para crear una red resiliente y un proceso dise\u00f1ado para adelantarse al cambio.<\/span><\/p>\n<p  style=\"text-align: justify;\"><span  style=\"color: rgb(55, 57, 60); font-family: &quot;Open Sans&quot;, arial, helvetica, sans-serif; font-weight: 600;\">Estas soluciones ayudar\u00e1n a las organizaciones a supervisar y mejorar la planificaci\u00f3n, la ejecuci\u00f3n y el control de todas las actividades relacionadas con la administraci\u00f3n de la cadena de suministro, desde la adquisici\u00f3n de materias primas hasta la entrega de productos terminados a los clientes. Proporcionando herramientas para la gesti\u00f3n de inventarios, la planificaci\u00f3n de la demanda, la planificaci\u00f3n de la producci\u00f3n, la gesti\u00f3n de proveedores y otras funciones clave que contribuyen a mejorar la eficiencia y la eficacia de la cadena de suministro de una empresa.<\/span><\/p>\n<p  style=\"text-align: center;\"><span style=\"font-weight: 700; color: rgb(4, 112, 121);\" ><a href=\"https:\/\/wa.me\/message\/I2SGXJX3ZAMDN1\" target=\"_blank\" rel=\"noopener\" data-mce-href=\"https:\/\/wa.me\/message\/I2SGXJX3ZAMDN1\" data-cp-link=\"1\" data-mce-selected=\"inline-boundary\">\ufeffContacta a un Agente<\/a><\/span><span id=\"_mce_caret\" data-mce-bogus=\"1\" data-mce-type=\"format-caret\" ><span style=\"color: rgb(4, 112, 121);\" >\ufeff<\/span><\/span><\/p>\n\n          <\/div>\n      <\/div>\n  <\/div>\n<\/div>","protected":false},"excerpt":{"rendered":"<p>Con Oracle Supply Chain Management (SCM) y Manufacturing, las organizaciones pueden responder r\u00e1pidamente a las condiciones cambiantes de la demanda, el suministro y el mercado. Conecta su cadena de suministro f\u00e1cilmente para crear una red resiliente y un proceso dise\u00f1ado para adelantarse al cambio. Estas soluciones ayudar\u00e1n a las organizaciones a supervisar y mejorar la&hellip; <br \/> <a class=\"read-more\" href=\"https:\/\/www.mxceptec.com\/mxceptec\/scm\/\">Read more<\/a><\/p>\n","protected":false},"author":1,"featured_media":0,"parent":0,"menu_order":0,"comment_status":"closed","ping_status":"closed","template":"pro\/page-templates\/full-width-page.php","meta":{"_joinchat":[],"footnotes":""},"class_list":["post-793","page","type-page","status-publish","hentry"],"_links":{"self":[{"href":"https:\/\/www.mxceptec.com\/mxceptec\/wp-json\/wp\/v2\/pages\/793","targetHints":{"allow":["GET"]}}],"collection":[{"href":"https:\/\/www.mxceptec.com\/mxceptec\/wp-json\/wp\/v2\/pages"}],"about":[{"href":"https:\/\/www.mxceptec.com\/mxceptec\/wp-json\/wp\/v2\/types\/page"}],"author":[{"embeddable":true,"href":"https:\/\/www.mxceptec.com\/mxceptec\/wp-json\/wp\/v2\/users\/1"}],"replies":[{"embeddable":true,"href":"https:\/\/www.mxceptec.com\/mxceptec\/wp-json\/wp\/v2\/comments?post=793"}],"version-history":[{"count":8,"href":"https:\/\/www.mxceptec.com\/mxceptec\/wp-json\/wp\/v2\/pages\/793\/revisions"}],"predecessor-version":[{"id":1075,"href":"https:\/\/www.mxceptec.com\/mxceptec\/wp-json\/wp\/v2\/pages\/793\/revisions\/1075"}],"wp:attachment":[{"href":"https:\/\/www.mxceptec.com\/mxceptec\/wp-json\/wp\/v2\/media?parent=793"}],"curies":[{"name":"wp","href":"https:\/\/api.w.org\/{rel}","templated":true}]}}