{"id":789,"date":"2023-09-26T17:31:44","date_gmt":"2023-09-26T23:31:44","guid":{"rendered":"https:\/\/www.mxceptec.com\/mxceptec\/?page_id=789"},"modified":"2024-04-04T18:37:14","modified_gmt":"2024-04-05T00:37:14","slug":"cx","status":"publish","type":"page","link":"https:\/\/www.mxceptec.com\/mxceptec\/cx\/","title":{"rendered":"CX (Customer Experience)"},"content":{"rendered":"<div  data-id=\"initial-content-section\" data-export-id=\"initial-content-section\" data-label=\"Initial Content\" id=\"initial-content-section\" class=\"content-section content-section-spacing\">\n   <div  class=\"gridContainer\">\n     <div  class=\"row\">\n\n        <div  class=\"col-xs-12 col-sm-12\">                <p  style=\"text-align: justify;\"><span style=\"color: rgb(55, 57, 60);\" >Haz que cada interacci\u00f3n con el cliente sea importante conectando todos los datos de tu empresa a trav\u00e9s de marketing, ventas, comercio y servicio. Oracle Customer Experience (CX) ofrece un conjunto de aplicaciones conectadas que va m\u00e1s all\u00e1 del tradicional&nbsp;<\/span><span style=\"color: rgb(55, 57, 60);\" >CRM&nbsp;<\/span><span style=\"color: rgb(55, 57, 60);\" >para ayudarte a establecer, administrar, servir y fomentar relaciones duraderas con los clientes. Crea una visi\u00f3n completa de tu cliente y de todas sus interacciones, sin importar c\u00f3mo, cu\u00e1ndo, d\u00f3nde o con qui\u00e9n interact\u00faen. Capacita a toda tu empresa para ofrecer experiencias del cliente excepcionales, desde la adquisici\u00f3n hasta la retenci\u00f3n, entre otras cosas.<\/span><\/p>\n<p  style=\"text-align: justify;\"><span  style=\"color: rgb(55, 57, 60); font-family: &quot;Open Sans&quot;, arial, helvetica, sans-serif;\">Estas herramientas recopilan, analizan y utilizan datos de clientes con el fin de ofrecer <span  style=\"font-weight: 700;\">experiencias m\u00e1s personalizadas y efectivas,<\/span> lo que a su vez puede impulsar la <span  style=\"font-weight: 700;\">satisfacci\u00f3n del cliente y la lealtad a la marca.<\/span><\/span><\/p>\n<p  style=\"text-align: center;\"><span style=\"color: rgb(4, 112, 121); font-weight: 700;\" ><a href=\"https:\/\/wa.me\/message\/I2SGXJX3ZAMDN1\" target=\"_blank\" rel=\"noopener\" data-mce-href=\"https:\/\/wa.me\/message\/I2SGXJX3ZAMDN1\" data-cp-link=\"1\" data-mce-selected=\"inline-boundary\">Contacta a un Agente<\/a><\/span><span id=\"_mce_caret\" data-mce-bogus=\"1\" data-mce-type=\"format-caret\" ><span style=\"color: rgb(4, 112, 121); font-weight: 700;\" >\ufeff<\/span><\/span><\/p>\n\n          <\/div>\n      <\/div>\n  <\/div>\n<\/div>","protected":false},"excerpt":{"rendered":"<p>Haz que cada interacci\u00f3n con el cliente sea importante conectando todos los datos de tu empresa a trav\u00e9s de marketing, ventas, comercio y servicio. Oracle Customer Experience (CX) ofrece un conjunto de aplicaciones conectadas que va m\u00e1s all\u00e1 del tradicional&nbsp;CRM&nbsp;para ayudarte a establecer, administrar, servir y fomentar relaciones duraderas con los clientes. Crea una visi\u00f3n&hellip; <br \/> <a class=\"read-more\" href=\"https:\/\/www.mxceptec.com\/mxceptec\/cx\/\">Read more<\/a><\/p>\n","protected":false},"author":1,"featured_media":0,"parent":0,"menu_order":0,"comment_status":"closed","ping_status":"closed","template":"pro\/page-templates\/full-width-page.php","meta":{"_joinchat":[],"footnotes":""},"class_list":["post-789","page","type-page","status-publish","hentry"],"_links":{"self":[{"href":"https:\/\/www.mxceptec.com\/mxceptec\/wp-json\/wp\/v2\/pages\/789","targetHints":{"allow":["GET"]}}],"collection":[{"href":"https:\/\/www.mxceptec.com\/mxceptec\/wp-json\/wp\/v2\/pages"}],"about":[{"href":"https:\/\/www.mxceptec.com\/mxceptec\/wp-json\/wp\/v2\/types\/page"}],"author":[{"embeddable":true,"href":"https:\/\/www.mxceptec.com\/mxceptec\/wp-json\/wp\/v2\/users\/1"}],"replies":[{"embeddable":true,"href":"https:\/\/www.mxceptec.com\/mxceptec\/wp-json\/wp\/v2\/comments?post=789"}],"version-history":[{"count":9,"href":"https:\/\/www.mxceptec.com\/mxceptec\/wp-json\/wp\/v2\/pages\/789\/revisions"}],"predecessor-version":[{"id":1087,"href":"https:\/\/www.mxceptec.com\/mxceptec\/wp-json\/wp\/v2\/pages\/789\/revisions\/1087"}],"wp:attachment":[{"href":"https:\/\/www.mxceptec.com\/mxceptec\/wp-json\/wp\/v2\/media?parent=789"}],"curies":[{"name":"wp","href":"https:\/\/api.w.org\/{rel}","templated":true}]}}