{"id":758,"date":"2023-09-26T13:22:00","date_gmt":"2023-09-26T19:22:00","guid":{"rendered":"https:\/\/www.mxceptec.com\/mxceptec\/?page_id=758"},"modified":"2024-04-04T18:22:27","modified_gmt":"2024-04-05T00:22:27","slug":"hcm","status":"publish","type":"page","link":"https:\/\/www.mxceptec.com\/mxceptec\/hcm\/","title":{"rendered":"HCM (Human Capital Management)"},"content":{"rendered":"<div  data-id=\"initial-content-section\" data-export-id=\"initial-content-section\" data-label=\"Initial Content\" id=\"initial-content-section\" class=\"content-section content-section-spacing dark-text\">\n   <div  class=\"gridContainer\">\n     <div  class=\"row\">\n\n        <div  class=\"col-xs-12 col-sm-12\">                <p  style=\"text-align: justify;\">Desarrollado en forma nativa para la nube, Oracle Fusion Cloud Human Capital Management es una soluci\u00f3n completa que conecta todos los procesos de recursos humanos desde la contrataci\u00f3n hasta la jubilaci\u00f3n. Esto proporciona una experiencia uniforme en todos los dispositivos, habilita una fuente de confianza para los datos de RR. HH. que le permite mejorar la toma de decisiones y le ofrece una innovaci\u00f3n de vanguardia para responder a sus necesidades actuales y futuras. A esto nos referimos cuando hablamos de trabajo humanizado.<\/p>\n<p  style=\"text-align: justify;\"><span style=\"color: rgb(55, 57, 60);\" >Optimiza las funciones relacionadas con el recurso humano en una organizaci\u00f3n y proporciona herramientas para administrar eficazmente aspectos como la gesti\u00f3n de empleados, n\u00f3mina, reclutamiento, capacitaci\u00f3n, desarrollo de talento, beneficios y otros aspectos relacionados con la fuerza laboral.<\/span><\/p>\n<p  style=\"text-align: center;\"><span style=\"font-weight: 700; color: rgb(4, 112, 121);\" ><a href=\"https:\/\/wa.me\/message\/I2SGXJX3ZAMDN1\" target=\"_self\" data-mce-href=\"https:\/\/wa.me\/message\/I2SGXJX3ZAMDN1\" data-cp-link=\"1\" data-mce-selected=\"inline-boundary\" rel=\"noopener\">\ufeffContacta a un Agente<\/a><\/span><\/p>\n\n          <\/div>\n      <\/div>\n  <\/div>\n<\/div>","protected":false},"excerpt":{"rendered":"<p>Desarrollado en forma nativa para la nube, Oracle Fusion Cloud Human Capital Management es una soluci\u00f3n completa que conecta todos los procesos de recursos humanos desde la contrataci\u00f3n hasta la jubilaci\u00f3n. Esto proporciona una experiencia uniforme en todos los dispositivos, habilita una fuente de confianza para los datos de RR. HH. que le permite mejorar&hellip; <br \/> <a class=\"read-more\" href=\"https:\/\/www.mxceptec.com\/mxceptec\/hcm\/\">Read more<\/a><\/p>\n","protected":false},"author":1,"featured_media":0,"parent":0,"menu_order":0,"comment_status":"closed","ping_status":"closed","template":"pro\/page-templates\/full-width-page.php","meta":{"_joinchat":[],"footnotes":""},"class_list":["post-758","page","type-page","status-publish","hentry"],"_links":{"self":[{"href":"https:\/\/www.mxceptec.com\/mxceptec\/wp-json\/wp\/v2\/pages\/758","targetHints":{"allow":["GET"]}}],"collection":[{"href":"https:\/\/www.mxceptec.com\/mxceptec\/wp-json\/wp\/v2\/pages"}],"about":[{"href":"https:\/\/www.mxceptec.com\/mxceptec\/wp-json\/wp\/v2\/types\/page"}],"author":[{"embeddable":true,"href":"https:\/\/www.mxceptec.com\/mxceptec\/wp-json\/wp\/v2\/users\/1"}],"replies":[{"embeddable":true,"href":"https:\/\/www.mxceptec.com\/mxceptec\/wp-json\/wp\/v2\/comments?post=758"}],"version-history":[{"count":9,"href":"https:\/\/www.mxceptec.com\/mxceptec\/wp-json\/wp\/v2\/pages\/758\/revisions"}],"predecessor-version":[{"id":1066,"href":"https:\/\/www.mxceptec.com\/mxceptec\/wp-json\/wp\/v2\/pages\/758\/revisions\/1066"}],"wp:attachment":[{"href":"https:\/\/www.mxceptec.com\/mxceptec\/wp-json\/wp\/v2\/media?parent=758"}],"curies":[{"name":"wp","href":"https:\/\/api.w.org\/{rel}","templated":true}]}}