{"id":751,"date":"2023-09-26T12:40:19","date_gmt":"2023-09-26T18:40:19","guid":{"rendered":"https:\/\/www.mxceptec.com\/mxceptec\/?page_id=751"},"modified":"2024-04-04T18:14:26","modified_gmt":"2024-04-05T00:14:26","slug":"epm","status":"publish","type":"page","link":"https:\/\/www.mxceptec.com\/mxceptec\/epm\/","title":{"rendered":"EPM (Enterprise Performance Management)"},"content":{"rendered":"<div  data-id=\"initial-content-section\" data-export-id=\"initial-content-section\" data-label=\"Initial Content\" id=\"initial-content-section\" class=\"content-section content-section-spacing\">\n   <div  class=\"gridContainer\">\n     <div  class=\"row\">\n\n        <div  class=\"col-xs-12 col-sm-12\">                <p ><\/p>\n<p ><span  style=\"color: rgb(55, 57, 60);\">Obt\u00e9n la agilidad y la informaci\u00f3n que necesitas para alcanzar resultados superiores en cualquier condici\u00f3n de mercado. Oracle Fusion Cloud Enterprise Performance Management (EPM) te ayuda a modelar y planificar en las \u00e1reas de finanzas, RR. HH., cadena de suministro, y ventas, optimizar el proceso de cierre financiero e impulsar la toma de mejores decisiones.<\/span><\/p>\n<p ><span  style=\"color: rgb(55, 57, 60);\">Es un software dise\u00f1ado para ayudar a las organizaciones a planificar, presupuestar, prever y gestionar su rendimiento financiero y operativo de manera eficiente.<\/span><\/p>\n<p ><\/p>\n<p  style=\"text-align: center;\"><span  style=\"color: rgb(4, 112, 121); font-weight: 600;\"><a href=\"https:\/\/wa.me\/message\/I2SGXJX3ZAMDN1\" target=\"_blank\" rel=\"noopener\" data-mce-href=\"https:\/\/wa.me\/message\/I2SGXJX3ZAMDN1\" data-mce-selected=\"inline-boundary\" data-cp-link=\"1\" class=\"\">\ufeffContacta a un Agente<\/a><\/span><\/p>\n<p ><\/p>\n\n          <\/div>\n      <\/div>\n  <\/div>\n<\/div>","protected":false},"excerpt":{"rendered":"<p>Obt\u00e9n la agilidad y la informaci\u00f3n que necesitas para alcanzar resultados superiores en cualquier condici\u00f3n de mercado. Oracle Fusion Cloud Enterprise Performance Management (EPM) te ayuda a modelar y planificar en las \u00e1reas de finanzas, RR. HH., cadena de suministro, y ventas, optimizar el proceso de cierre financiero e impulsar la toma de mejores decisiones.&hellip; <br \/> <a class=\"read-more\" href=\"https:\/\/www.mxceptec.com\/mxceptec\/epm\/\">Read more<\/a><\/p>\n","protected":false},"author":1,"featured_media":0,"parent":0,"menu_order":0,"comment_status":"closed","ping_status":"closed","template":"pro\/page-templates\/full-width-page.php","meta":{"_joinchat":[],"footnotes":""},"class_list":["post-751","page","type-page","status-publish","hentry"],"_links":{"self":[{"href":"https:\/\/www.mxceptec.com\/mxceptec\/wp-json\/wp\/v2\/pages\/751","targetHints":{"allow":["GET"]}}],"collection":[{"href":"https:\/\/www.mxceptec.com\/mxceptec\/wp-json\/wp\/v2\/pages"}],"about":[{"href":"https:\/\/www.mxceptec.com\/mxceptec\/wp-json\/wp\/v2\/types\/page"}],"author":[{"embeddable":true,"href":"https:\/\/www.mxceptec.com\/mxceptec\/wp-json\/wp\/v2\/users\/1"}],"replies":[{"embeddable":true,"href":"https:\/\/www.mxceptec.com\/mxceptec\/wp-json\/wp\/v2\/comments?post=751"}],"version-history":[{"count":10,"href":"https:\/\/www.mxceptec.com\/mxceptec\/wp-json\/wp\/v2\/pages\/751\/revisions"}],"predecessor-version":[{"id":1054,"href":"https:\/\/www.mxceptec.com\/mxceptec\/wp-json\/wp\/v2\/pages\/751\/revisions\/1054"}],"wp:attachment":[{"href":"https:\/\/www.mxceptec.com\/mxceptec\/wp-json\/wp\/v2\/media?parent=751"}],"curies":[{"name":"wp","href":"https:\/\/api.w.org\/{rel}","templated":true}]}}