{"id":730,"date":"2023-09-26T11:51:09","date_gmt":"2023-09-26T17:51:09","guid":{"rendered":"https:\/\/www.mxceptec.com\/mxceptec\/?page_id=730"},"modified":"2024-04-04T18:00:12","modified_gmt":"2024-04-05T00:00:12","slug":"erp","status":"publish","type":"page","link":"https:\/\/www.mxceptec.com\/mxceptec\/erp\/","title":{"rendered":"ERP (Enterprise Resource Planning)"},"content":{"rendered":"<div  data-id=\"initial-content-section\" data-export-id=\"initial-content-section\" data-label=\"Initial Content\" id=\"initial-content-section\" class=\"content-section content-section-spacing\">\n   <div  class=\"gridContainer\">\n     <div  class=\"row\">\n\n        <div  class=\"col-xs-12 col-sm-12\">                <p  style=\"text-align: justify;\"><span style=\"color: rgb(49, 53, 58);\" >El cambio continuo requiere innovaci\u00f3n continua.\n<\/span><br ><br ><span style=\"color: rgb(49, 53, 58);\" >Los l\u00edderes del futuro ser\u00e1n los que mejor se adapten al cambio en el presente. <span style=\"font-family: &quot;Playfair Display&quot;, arial, helvetica, sans-serif; font-weight: 600;\" >Oracle Fusion Cloud ERP<\/span> es un conjunto de soluciones de <span style=\"font-family: &quot;Playfair Display&quot;, arial, helvetica, sans-serif; font-weight: 600;\" >ERP<\/span> en la nube completo y moderno que proporciona a sus equipos capacidades avanzadas, como la<span style=\"font-family: &quot;Playfair Display&quot;, arial, helvetica, sans-serif; font-weight: 700;\" > IA<\/span> para automatizar los procesos manuales que los ralentizan, los an\u00e1lisis para reaccionar a los cambios del mercado en tiempo real y las actualizaciones autom\u00e1ticas necesarias para mantenerse actualizados y ganar una ventaja competitiva.<\/span><\/p>\n<p  style=\"text-align: justify;\"><span  style=\"color: rgb(49, 53, 58);\"><span  style=\"font-weight: 700; font-family: &quot;Playfair Display&quot;, arial, helvetica, sans-serif;\"><span style=\"font-family: &quot;Open Sans&quot;, arial, helvetica, sans-serif; font-weight: 400;\" >Este<\/span>&nbsp;software empresarial<\/span>&nbsp;integra y automatiza una amplia gama de funciones comerciales, como<span  style=\"font-family: &quot;Playfair Display&quot;, arial, helvetica, sans-serif; font-weight: 700;\"> contabilidad, gesti\u00f3n financiera, gesti\u00f3n de recursos humanos, gesti\u00f3n de inventario, adquisiciones y m\u00e1s.<\/span> Ayudando a las organizaciones a gestionar eficazmente sus <span  style=\"font-weight: 700; font-family: &quot;Playfair Display&quot;, arial, helvetica, sans-serif;\">procesos empresariales<\/span>, optimizar sus operaciones y tomar decisiones informadas basadas en datos en tiempo real.<\/span>\n<br ><br >\n<br ><\/p>\n<p  style=\"text-align: center;\"><span style=\"text-decoration: underline;\" ><span style=\"font-weight: 700; color: rgb(4, 112, 121); text-decoration: underline;\" ><a href=\"https:\/\/wa.me\/message\/I2SGXJX3ZAMDN1\" target=\"_blank\" rel=\"noopener\" data-mce-href=\"https:\/\/wa.me\/message\/I2SGXJX3ZAMDN1\" data-mce-selected=\"inline-boundary\" data-cp-link=\"1\">\ufeffContacta a un&nbsp;<\/a>Agente<\/span><\/span><\/p>\n\n          <\/div>\n      <\/div>\n  <\/div>\n<\/div>","protected":false},"excerpt":{"rendered":"<p>El cambio continuo requiere innovaci\u00f3n continua. Los l\u00edderes del futuro ser\u00e1n los que mejor se adapten al cambio en el presente. Oracle Fusion Cloud ERP es un conjunto de soluciones de ERP en la nube completo y moderno que proporciona a sus equipos capacidades avanzadas, como la IA para automatizar los procesos manuales que los&hellip; <br \/> <a class=\"read-more\" href=\"https:\/\/www.mxceptec.com\/mxceptec\/erp\/\">Read more<\/a><\/p>\n","protected":false},"author":1,"featured_media":0,"parent":0,"menu_order":0,"comment_status":"closed","ping_status":"closed","template":"pro\/page-templates\/full-width-page.php","meta":{"_joinchat":[],"footnotes":""},"class_list":["post-730","page","type-page","status-publish","hentry"],"_links":{"self":[{"href":"https:\/\/www.mxceptec.com\/mxceptec\/wp-json\/wp\/v2\/pages\/730","targetHints":{"allow":["GET"]}}],"collection":[{"href":"https:\/\/www.mxceptec.com\/mxceptec\/wp-json\/wp\/v2\/pages"}],"about":[{"href":"https:\/\/www.mxceptec.com\/mxceptec\/wp-json\/wp\/v2\/types\/page"}],"author":[{"embeddable":true,"href":"https:\/\/www.mxceptec.com\/mxceptec\/wp-json\/wp\/v2\/users\/1"}],"replies":[{"embeddable":true,"href":"https:\/\/www.mxceptec.com\/mxceptec\/wp-json\/wp\/v2\/comments?post=730"}],"version-history":[{"count":18,"href":"https:\/\/www.mxceptec.com\/mxceptec\/wp-json\/wp\/v2\/pages\/730\/revisions"}],"predecessor-version":[{"id":1040,"href":"https:\/\/www.mxceptec.com\/mxceptec\/wp-json\/wp\/v2\/pages\/730\/revisions\/1040"}],"wp:attachment":[{"href":"https:\/\/www.mxceptec.com\/mxceptec\/wp-json\/wp\/v2\/media?parent=730"}],"curies":[{"name":"wp","href":"https:\/\/api.w.org\/{rel}","templated":true}]}}