{"id":672,"date":"2023-08-29T16:20:20","date_gmt":"2023-08-29T22:20:20","guid":{"rendered":"https:\/\/www.mxceptec.com\/mxceptec\/?page_id=672"},"modified":"2024-04-05T09:43:22","modified_gmt":"2024-04-05T15:43:22","slug":"fabrica-de-software","status":"publish","type":"page","link":"https:\/\/www.mxceptec.com\/mxceptec\/fabrica-de-software\/","title":{"rendered":"F\u00e1brica de Software"},"content":{"rendered":"<div  data-label=\"About\" data-id=\"about--1\" data-export-id=\"about-8\" data-category=\"about\" class=\"about-8 content-section content-section-spacing content-relative\" id=\"about-1\" style=\"background-color: rgb(255, 255, 255); background-image: url(&quot;https:\/\/www.mxceptec.com\/mxceptec\/wp-content\/uploads\/2023\/09\/FONDO-SEECION-FABRICA-04.jpg&quot;); background-size: cover; background-position: center top;\"><div  class=\"section-separator-top\">\n    <svg  xmlns=\"http:\/\/www.w3.org\/2000\/svg\" viewBox=\"0 0 1000 100\" preserveAspectRatio=\"none\" data-separator-name=\"tilt\" class=\"section-separator-top\">\n\t<path  class=\"svg-white-bg\" d=\"M-0 0L1000 0 1000 100z\"><\/path>\n<\/svg>\n<\/div><div  class=\"gridContainer\"> <div  class=\"row middle-sm text-center\"><div  class=\"col-sm-6 space-bottom-xs\" data-type=\"column\">  <h2  class=\"\" style=\"border-bottom-color: rgb(24, 180, 143); text-align: justify;\"><span  style=\"color: rgb(250, 251, 252); font-family: &quot;Open Sans&quot;, arial, helvetica, sans-serif;\">&nbsp;Impulsamos el <span  style=\"font-weight: 700;\">crecimiento<\/span> de <span  style=\"font-weight: 700;\">nuestros clientes<\/span> a trav\u00e9s de <span  style=\"font-weight: 700;\">soluciones tecnol\u00f3gicas a medida.<\/span><\/span><\/h2> <p  class=\"\" style=\"text-align: justify;\"><span  style=\"color: rgb(250, 251, 252); font-family: &quot;Open Sans&quot;, arial, helvetica, sans-serif;\">Nuestra<span  style=\"font-weight: 700;\"> f\u00e1brica de software <\/span>ofrece un servicio completo de <span  style=\"font-weight: 700;\">desarrollo de soluciones tecnol\u00f3gicas personalizadas.\n<\/span>\n<br ><br >Nos especializamos en la<span  style=\"font-weight: 700;\"> creaci\u00f3n, integraci\u00f3n y conexi\u00f3n de sistemas sat\u00e9lites,<\/span> adem\u00e1s de generar <span  style=\"font-weight: 700;\">informes especializados<\/span>&nbsp;que se adaptan a sus<span  style=\"font-weight: 700;\"> necesidades \u00fanicas.<\/span><\/span><\/p> <a class=\"button color7\" href=\"http:\/\/wa.me\/5215510539660\" target=\"_self\" data-cp-link=\"1\" data-icon=\"\" rel=\"noopener\">CONTACTAR A UN AGENTE<\/a><\/div> <div  class=\"col-sm-6 row no-gutter col-relative space-bottom-xs\"><div  class=\"col-sm-4\"> <a data-cp-link=\"1\" href=\"https:\/\/www.mxceptec.com\/mxceptec\/fabrica-de-software\" target=\"_self\" rel=\"noopener\"><img  decoding=\"async\" class=\"shadow-large\" data-size=\"200x500\" src=\"\"><\/a><\/div> <div  class=\"col-sm-4\"> <a data-cp-link=\"1\" href=\"https:\/\/www.mxceptec.com\/mxceptec\/fabrica-de-software\" target=\"_self\" rel=\"noopener\"><img  decoding=\"async\" class=\"shadow-large\" data-size=\"200x500\" src=\"\"><\/a><\/div> <div  class=\"col-sm-4\"> <a data-cp-link=\"1\" href=\"https:\/\/www.mxceptec.com\/mxceptec\/fabrica-de-software\" target=\"_self\" rel=\"noopener\"><img  decoding=\"async\" class=\"shadow-large\" data-size=\"200x500\" src=\"\"><\/a><\/div> <div  class=\"center-overlay inner-shadow border-large\"><\/div><\/div> <\/div><\/div> <\/div>","protected":false},"excerpt":{"rendered":"<p>&nbsp;Impulsamos el crecimiento de nuestros clientes a trav\u00e9s de soluciones tecnol\u00f3gicas a medida. Nuestra f\u00e1brica de software ofrece un servicio completo de desarrollo de soluciones tecnol\u00f3gicas personalizadas. Nos especializamos en la creaci\u00f3n, integraci\u00f3n y conexi\u00f3n de sistemas sat\u00e9lites, adem\u00e1s de generar informes especializados&nbsp;que se adaptan a sus necesidades \u00fanicas. CONTACTAR A UN AGENTE<\/p>\n","protected":false},"author":1,"featured_media":0,"parent":0,"menu_order":0,"comment_status":"closed","ping_status":"closed","template":"pro\/page-templates\/full-width-page.php","meta":{"_joinchat":[],"footnotes":""},"class_list":["post-672","page","type-page","status-publish","hentry"],"_links":{"self":[{"href":"https:\/\/www.mxceptec.com\/mxceptec\/wp-json\/wp\/v2\/pages\/672","targetHints":{"allow":["GET"]}}],"collection":[{"href":"https:\/\/www.mxceptec.com\/mxceptec\/wp-json\/wp\/v2\/pages"}],"about":[{"href":"https:\/\/www.mxceptec.com\/mxceptec\/wp-json\/wp\/v2\/types\/page"}],"author":[{"embeddable":true,"href":"https:\/\/www.mxceptec.com\/mxceptec\/wp-json\/wp\/v2\/users\/1"}],"replies":[{"embeddable":true,"href":"https:\/\/www.mxceptec.com\/mxceptec\/wp-json\/wp\/v2\/comments?post=672"}],"version-history":[{"count":11,"href":"https:\/\/www.mxceptec.com\/mxceptec\/wp-json\/wp\/v2\/pages\/672\/revisions"}],"predecessor-version":[{"id":1101,"href":"https:\/\/www.mxceptec.com\/mxceptec\/wp-json\/wp\/v2\/pages\/672\/revisions\/1101"}],"wp:attachment":[{"href":"https:\/\/www.mxceptec.com\/mxceptec\/wp-json\/wp\/v2\/media?parent=672"}],"curies":[{"name":"wp","href":"https:\/\/api.w.org\/{rel}","templated":true}]}}