{"id":36,"date":"2023-05-23T13:56:25","date_gmt":"2023-05-23T19:56:25","guid":{"rendered":"https:\/\/www.mxceptec.com\/mxceptec\/?page_id=36"},"modified":"2024-04-05T09:49:52","modified_gmt":"2024-04-05T15:49:52","slug":"servicios-ondemand","status":"publish","type":"page","link":"https:\/\/www.mxceptec.com\/mxceptec\/servicios-ondemand\/","title":{"rendered":"Servicios On Demand"},"content":{"rendered":"<div  data-label=\"Content\" data-id=\"content--1\" data-export-id=\"content-8\" data-category=\"content\" class=\"content-8 content-section content-section-spacing white-text content-relative\" id=\"content-1\" style=\"background-color: rgb(245, 250, 253); background-image: url(&quot;https:\/\/www.mxceptec.com\/mxceptec\/wp-content\/uploads\/2023\/09\/FONDO-SEECION-ON-DEMAND-04-1.jpg&quot;); background-size: cover; background-position: center top;\"><div  class=\"section-separator-top\">\n    <svg  xmlns=\"http:\/\/www.w3.org\/2000\/svg\" preserveAspectRatio=\"none\" viewBox=\"0 0 1000 100\" data-separator-name=\"tilt-flipped\" class=\"section-separator-top\">\n  <path  id=\"path2\" d=\"M 1000,0 H 0 v 100 z\" class=\"svg-white-bg\"><\/path>\n<\/svg>\n<\/div><div  class=\"gridContainer\"> <div  class=\"row middle-sm\"><div  class=\"col-sm-6 space-bottom-xs space-top-xs content-center-sm\" data-type=\"column\"> <\/div> <div  class=\"col-sm-6 content-center-sm\" data-type=\"column\"><h2  class=\"\" style=\"text-align: justify; border-bottom-color: rgb(24, 180, 143);\"><span  style=\"font-family: &quot;Open Sans&quot;, arial, helvetica, sans-serif;\">Nuestros <span  style=\"font-family: &quot;Playfair Display&quot;, arial, helvetica, sans-serif; font-weight: 700;\">Servicios<\/span> de <span  style=\"font-weight: 700; font-family: &quot;Playfair Display&quot;, arial, helvetica, sans-serif;\">Consultor\u00eda<\/span> On Demand <span  style=\"font-family: &quot;Playfair Display&quot;, arial, helvetica, sans-serif; font-weight: 600;\">se adaptan a ti<\/span>,\n<br >no al rev\u00e9s.<\/span><\/h2> <p  class=\"\" style=\"text-align: justify;\"><span  style=\"font-family: &quot;Open Sans&quot;, arial, helvetica, sans-serif;\">Accede a <span  style=\"font-family: &quot;Playfair Display&quot;, arial, helvetica, sans-serif; font-weight: 700;\">expertos en diferentes \u00e1reas<\/span> seg\u00fan tus necesidades, <span  style=\"font-family: &quot;Playfair Display&quot;, arial, helvetica, sans-serif; font-weight: 700;\">pagando \u00fanicamente por los servicios que utilices.<\/span> Simplifica tu b\u00fasqueda de<span  style=\"font-family: &quot;Playfair Display&quot;, arial, helvetica, sans-serif; font-weight: 700;\"> especialistas<\/span> y <span  style=\"font-family: &quot;Playfair Display&quot;, arial, helvetica, sans-serif; font-weight: 700;\">maximiza la eficiencia de tu empresa<\/span> con nuestra opci\u00f3n <span  style=\"font-family: &quot;Playfair Display&quot;, arial, helvetica, sans-serif; font-weight: 700;\">flexible y escalable.<\/span><\/span><\/p> <a class=\"button color7\" href=\"http:\/\/wa.me\/5215510539660\" target=\"_self\" data-cp-link=\"1\" data-icon=\"\" rel=\"noopener\">CONTACTAR A UN AGENTE<\/a><\/div> <\/div><\/div> <\/div>","protected":false},"excerpt":{"rendered":"<p>Nuestros Servicios de Consultor\u00eda On Demand se adaptan a ti, no al rev\u00e9s. Accede a expertos en diferentes \u00e1reas seg\u00fan tus necesidades, pagando \u00fanicamente por los servicios que utilices. Simplifica tu b\u00fasqueda de especialistas y maximiza la eficiencia de tu empresa con nuestra opci\u00f3n flexible y escalable. CONTACTAR A UN AGENTE<\/p>\n","protected":false},"author":1,"featured_media":0,"parent":0,"menu_order":0,"comment_status":"closed","ping_status":"closed","template":"pro\/page-templates\/full-width-page.php","meta":{"_joinchat":[],"footnotes":""},"class_list":["post-36","page","type-page","status-publish","hentry"],"_links":{"self":[{"href":"https:\/\/www.mxceptec.com\/mxceptec\/wp-json\/wp\/v2\/pages\/36","targetHints":{"allow":["GET"]}}],"collection":[{"href":"https:\/\/www.mxceptec.com\/mxceptec\/wp-json\/wp\/v2\/pages"}],"about":[{"href":"https:\/\/www.mxceptec.com\/mxceptec\/wp-json\/wp\/v2\/types\/page"}],"author":[{"embeddable":true,"href":"https:\/\/www.mxceptec.com\/mxceptec\/wp-json\/wp\/v2\/users\/1"}],"replies":[{"embeddable":true,"href":"https:\/\/www.mxceptec.com\/mxceptec\/wp-json\/wp\/v2\/comments?post=36"}],"version-history":[{"count":18,"href":"https:\/\/www.mxceptec.com\/mxceptec\/wp-json\/wp\/v2\/pages\/36\/revisions"}],"predecessor-version":[{"id":1112,"href":"https:\/\/www.mxceptec.com\/mxceptec\/wp-json\/wp\/v2\/pages\/36\/revisions\/1112"}],"wp:attachment":[{"href":"https:\/\/www.mxceptec.com\/mxceptec\/wp-json\/wp\/v2\/media?parent=36"}],"curies":[{"name":"wp","href":"https:\/\/api.w.org\/{rel}","templated":true}]}}