{"id":32,"date":"2023-05-23T13:55:47","date_gmt":"2023-05-23T19:55:47","guid":{"rendered":"https:\/\/www.mxceptec.com\/mxceptec\/?page_id=32"},"modified":"2024-04-05T09:47:13","modified_gmt":"2024-04-05T15:47:13","slug":"mesa-de-soporte","status":"publish","type":"page","link":"https:\/\/www.mxceptec.com\/mxceptec\/mesa-de-soporte\/","title":{"rendered":"Mesa de Soporte"},"content":{"rendered":"<div  data-label=\"Content\" data-id=\"content--2\" data-export-id=\"content-8\" data-category=\"content\" class=\"content-8 content-section content-section-spacing content-relative\" id=\"content-2\" style=\"background-color: rgb(245, 250, 253); background-image: url(&quot;https:\/\/www.mxceptec.com\/mxceptec\/wp-content\/uploads\/2023\/09\/FONDO-SEECION-MESA-04.jpg&quot;); background-size: cover; background-position: center top;\"><div  class=\"section-separator-top\">\n    <svg  xmlns=\"http:\/\/www.w3.org\/2000\/svg\" preserveAspectRatio=\"none\" viewBox=\"0 0 1000 100\" data-separator-name=\"tilt-flipped\" class=\"section-separator-top\">\n  <path  id=\"path2\" d=\"M 1000,0 H 0 v 100 z\" class=\"svg-white-bg\"><\/path>\n<\/svg>\n<\/div><div  class=\"gridContainer\"> <div  class=\"row middle-sm\"><div  class=\"col-sm-6 space-bottom-xs space-top-xs content-center-sm\" data-type=\"column\"> <\/div> <div  class=\"col-sm-6 content-center-sm\" data-type=\"column\"><h2  class=\"\" style=\"text-align: justify; border-bottom-color: rgb(24, 180, 143);\"><span  style=\"font-family: &quot;Open Sans&quot;, arial, helvetica, sans-serif; color: rgb(251, 251, 251);\">Tu negocio <span  style=\"font-family: &quot;Playfair Display&quot;, arial, helvetica, sans-serif; font-weight: 600;\">merece lo mejor<\/span>, y eso incluye un servicio de <span  style=\"font-family: &quot;Playfair Display&quot;, arial, helvetica, sans-serif; font-weight: 700;\">mesa de soporte Oracle de primera clase.<\/span><\/span><\/h2> <p  class=\"\" style=\"text-align: justify;\"><span  style=\"color: rgb(255, 255, 255);\">Ponemos a tu disposici\u00f3n <span  style=\"font-family: &quot;Playfair Display&quot;, arial, helvetica, sans-serif; font-weight: 700;\">p\u00f3lizas de soporte t\u00e9cnico y funcional,<\/span> con el prop\u00f3sito de colaborar de manera profesional con tu empresa, <span  style=\"font-family: &quot;Playfair Display&quot;, arial, helvetica, sans-serif; font-weight: 700;\">aportando nuestro conocimiento y experiencia <\/span>para garantizar el <span  style=\"font-family: &quot;Playfair Display&quot;, arial, helvetica, sans-serif; font-weight: 700;\">funcionamiento \u00f3ptimo de las diversas aplicaciones y tecnolog\u00edas de Oracle.<\/span><\/span><\/p> <a class=\"button color7\" href=\"http:\/\/wa.me\/5215510539660\" target=\"_self\" data-cp-link=\"1\" data-icon=\"\" rel=\"noopener\">CONTACTA A UN AGENTE<\/a><\/div> <\/div><\/div> <\/div><div  data-label=\"Content\" data-id=\"content--1\" data-export-id=\"content-12\" data-category=\"content\" class=\"content-12 content-section content-section-spacing\" id=\"content-1\" style=\"background-color: rgb(255, 255, 255); background-image: none;\"><div  class=\"gridContainer\"> <div  class=\"row text-center\"><div  class=\"section-title-col\" data-type=\"column\">  <p  class=\"lead\" style=\"text-align: justify;\"><span  style=\"font-family: &quot;Open Sans&quot;, arial, helvetica, sans-serif; font-weight: 400; color: rgb(0, 0, 0);\">Nuestro Centro de Atenci\u00f3n y Soporte cuenta con disponibilidad de servicio garantizada, el cual le brindar\u00e1 atenci\u00f3n telef\u00f3nica.<\/span>\n<br ><br ><span  style=\"font-family: &quot;Open Sans&quot;, arial, helvetica, sans-serif; font-weight: 600; color: rgb(0, 0, 0);\">\nContamos con diferentes esquemas de Soporte para brindarle una mejor atenci\u00f3n de acuerdo a sus necesidades.<\/span><\/p><\/div> <\/div> <div  class=\"row center-xs middle-xs\"> <div  class=\"col-sm-9\" data-type=\"column\"> <a data-cp-link=\"1\" href=\"#\" class=\"\" target=\"_self\" rel=\"noopener\"><img  decoding=\"async\" class=\"shadow-large\" src=\"\"><\/a><h3  class=\"\" style=\"text-align: left;\"><span  style=\"font-weight: 900; color: rgb(4, 112, 121);\">TECNOLOGIA ORACLE<\/span><\/h3><p  class=\"lead\" style=\"text-align: justify;\"><span  style=\"color: rgb(0, 0, 0); font-weight: 400; font-family: arial, helvetica, sans-serif;\">Reduzca sus costos de operaci\u00f3n por medio de nuestros servicios de soporte t\u00e9cnico remoto o en sitio especializados en los productos de la gama tecnol\u00f3gica de Oracle.<\/span><\/p><h3  class=\"\" style=\"text-align: left;\"><span  style=\"font-weight: 900; color: rgb(4, 112, 121);\">APLICATIVOS ORACLE<\/span><\/h3><p  class=\"lead\" style=\"text-align: justify;\"><span  style=\"font-family: arial, helvetica, sans-serif; color: rgb(0, 0, 0); font-weight: 400;\">Utilice nuestros servicios de soporte orientados a la resoluci\u00f3n de problemas funcionales y t\u00e9cnicos en las aplicaciones Oracle. Contamos con un \u00e1rea especializada para tal efecto y apoyada adicionalmente a la experiencia del grupo de m\u00e1s de sesenta colaboradores especializados en las soluciones.<\/span><\/p><\/div> <\/div><\/div> <\/div>","protected":false},"excerpt":{"rendered":"<p>Tu negocio merece lo mejor, y eso incluye un servicio de mesa de soporte Oracle de primera clase. Ponemos a tu disposici\u00f3n p\u00f3lizas de soporte t\u00e9cnico y funcional, con el prop\u00f3sito de colaborar de manera profesional con tu empresa, aportando nuestro conocimiento y experiencia para garantizar el funcionamiento \u00f3ptimo de las diversas aplicaciones y tecnolog\u00edas&hellip; <br \/> <a class=\"read-more\" href=\"https:\/\/www.mxceptec.com\/mxceptec\/mesa-de-soporte\/\">Read more<\/a><\/p>\n","protected":false},"author":1,"featured_media":0,"parent":0,"menu_order":0,"comment_status":"closed","ping_status":"closed","template":"pro\/page-templates\/full-width-page.php","meta":{"_joinchat":[],"footnotes":""},"class_list":["post-32","page","type-page","status-publish","hentry"],"_links":{"self":[{"href":"https:\/\/www.mxceptec.com\/mxceptec\/wp-json\/wp\/v2\/pages\/32","targetHints":{"allow":["GET"]}}],"collection":[{"href":"https:\/\/www.mxceptec.com\/mxceptec\/wp-json\/wp\/v2\/pages"}],"about":[{"href":"https:\/\/www.mxceptec.com\/mxceptec\/wp-json\/wp\/v2\/types\/page"}],"author":[{"embeddable":true,"href":"https:\/\/www.mxceptec.com\/mxceptec\/wp-json\/wp\/v2\/users\/1"}],"replies":[{"embeddable":true,"href":"https:\/\/www.mxceptec.com\/mxceptec\/wp-json\/wp\/v2\/comments?post=32"}],"version-history":[{"count":18,"href":"https:\/\/www.mxceptec.com\/mxceptec\/wp-json\/wp\/v2\/pages\/32\/revisions"}],"predecessor-version":[{"id":1108,"href":"https:\/\/www.mxceptec.com\/mxceptec\/wp-json\/wp\/v2\/pages\/32\/revisions\/1108"}],"wp:attachment":[{"href":"https:\/\/www.mxceptec.com\/mxceptec\/wp-json\/wp\/v2\/media?parent=32"}],"curies":[{"name":"wp","href":"https:\/\/api.w.org\/{rel}","templated":true}]}}