{"id":22,"date":"2023-05-23T13:53:27","date_gmt":"2023-05-23T19:53:27","guid":{"rendered":"https:\/\/www.mxceptec.com\/mxceptec\/?page_id=22"},"modified":"2024-04-05T09:32:56","modified_gmt":"2024-04-05T15:32:56","slug":"aviso-de-privacidad","status":"publish","type":"page","link":"https:\/\/www.mxceptec.com\/mxceptec\/aviso-de-privacidad\/","title":{"rendered":"Aviso de Privacidad"},"content":{"rendered":"<div  data-label=\"Content\" data-id=\"content--1\" data-export-id=\"content-12\" data-category=\"content\" class=\"content-12 content-section content-section-spacing\" id=\"content-1\" style=\"background-color: rgb(255, 255, 255);\"><div  class=\"gridContainer\"> <div  class=\"row text-center\"><div  class=\"section-title-col\" data-type=\"column\"> <h2  class=\"\" style=\"border-bottom-color: rgb(2, 153, 140);\"><span  style=\"font-weight: 700; font-family: arial, helvetica, sans-serif; color: rgb(0, 0, 0);\">AVISO DE PRIVACIDAD.<\/span><br ><span  style=\"font-family: arial, helvetica, sans-serif; color: rgb(0, 0, 0);\">\nIDENTIDAD Y DOMICILIO DEL RESPONSABLE<\/span><\/h2> <p  class=\"lead\" style=\"text-align: justify;\"><span  style=\"font-family: arial, helvetica, sans-serif; font-weight: 300; color: rgb(0, 0, 0);\">En cumplimiento a lo establecido por la Ley General de Protecci\u00f3n de Datos Personales en Posesi\u00f3n de Sujetos Obligados (LGPDPPSO)., mediante este aviso, Consultores Especializados en Plataformas Tecnol\u00f3gicas Empresariales, CEPTEC, S.A. de C.V. (en adelante CEPTEC), y sus filiales, con domicilio en Lago Alberto 442,Torre A; Piso 3, Interior 303, Col. An\u00e1huac I Secc, Miguel Hidalgo, CP.11320 Ciudad de M\u00e9xico, Mexico., y portal de internet www.mxceptec.com informan lo siguiente:<\/span><br ><span  style=\"font-family: arial, helvetica, sans-serif; font-weight: 600; color: rgb(0, 0, 0);\">\nFINALIDADES<\/span><br ><span  style=\"font-family: arial, helvetica, sans-serif; font-weight: 300; color: rgb(0, 0, 0);\">\nQue los Datos Personales proporcionados por usted, ser\u00e1n utilizados por CEPTEC para las siguientes finalidades, mismas que resultan necesarias para los servicios prestados por CEPTEC: (i) el env\u00edo, por medios tradicionales y electr\u00f3nicos, de informaci\u00f3n t\u00e9cnica, operativa y comercial acerca de los productos y servicios ofrecidos por CEPTEC; (ii) incorporarlos en los instrumentos jur\u00eddicos que al efecto procedan para la debida formalizaci\u00f3n de las prestaci\u00f3n de los Servicios; (iii) el env\u00edo de actualizaci\u00f3n de los servicios; (iv) para responder mejor a los pedidos de servicio o las cotizaciones de compras de productos y servicios; (v) la gesti\u00f3n y mantenimiento de bases de datos de demandantes de empleo para los efectos de que los empleadores puedan seleccionar, en su caso, posibles candidatos para los puestos de trabajo vacantes que CEPTEC ofrezca; (vi) como resultado de requisitos legales; (vii) para tratar temas relacionados con el funcionamiento y solucionar dificultades en los servicios; (viii) el env\u00edo de formularios y encuestas que no estar\u00e1 obligado a contestar; (ix) asesor\u00eda especializada en implementaci\u00f3n de soluciones en tecnolog\u00eda para todo tipo de empresas; y, (x) evaluar la calidad de nuestros productos y servicios; efectuar estudios sobre h\u00e1bitos de consumo, preferencia, inter\u00e9s de compra, prueba de producto, concepto, evaluaci\u00f3n del servicio, satisfacci\u00f3n y otras relacionadas con los productos y servicios de CEPTEC.<\/span><br ><span  style=\"font-family: arial, helvetica, sans-serif; font-weight: 300; color: rgb(0, 0, 0);\">\nDe manera adicional, podremos utilizar su informaci\u00f3n para las siguientes finalidades secundarias, que no son necesarias para el servicio solicitado, pero que nos permiten y facilitan brindarle una mejor atenci\u00f3n: (i) para ingresar a nuestras instalaciones, y (ii) para mercadotecnia y publicidad.<\/span><br ><span  style=\"font-family: arial, helvetica, sans-serif; font-weight: 300; color: rgb(0, 0, 0);\">\nEn caso de que no desee que sus datos personales sean tratados para estos fines secundarios, desde este momento usted nos puede comunicar lo anterior a trav\u00e9s del correo electr\u00f3nico: datos_personales@mxceptec.com La negativa para el uso de sus datos personales para estas finalidades no podr\u00e1 ser un motivo para que le neguemos los servicios y productos que solicita o contrata con nosotros.<\/span><br ><span  style=\"font-family: arial, helvetica, sans-serif; font-weight: 600; color: rgb(0, 0, 0);\">\nDATOS PERSONALES RECABADOS<\/span><br ><span  style=\"font-family: arial, helvetica, sans-serif; font-weight: 300; color: rgb(0, 0, 0);\">\nPara llevar a cabo las finalidades descritas en el presente aviso de privacidad, utilizaremos los siguientes datos personales: (i) datos de identificaci\u00f3n (ii) datos de contacto.<\/span><br ><span  style=\"font-family: arial, helvetica, sans-serif; font-weight: 600; color: rgb(0, 0, 0);\">\nTRANSFERENCIA DE DATOS<\/span><br ><span  style=\"font-family: arial, helvetica, sans-serif; font-weight: 300; color: rgb(0, 0, 0);\">\nCEPTEC para cumplir la(s) finalidad(es) anteriormente descrita(s) u otras aquellas exigidas legalmente o por las autoridades competentes, s\u00f3lo transferir\u00e1 los datos necesarios en los casos legalmente previstos, en especial, CEPTEC transferir\u00e1 sus datos personales necesarios a aquellas sociedades que forman parte del grupo societario de CEPTEC, esto es, a nuestras empresas subsidiarias y filiales, para la correcta prestaci\u00f3n de nuestros servicios. Le informamos que dicha transferencia no requiere de su consentimiento conforme a la normatividad porque las empresas del Grupo operan bajo los mismos procesos y pol\u00edticas de respeto a la privacidad.<\/span><br ><span  style=\"font-family: arial, helvetica, sans-serif; font-weight: 600; color: rgb(0, 0, 0);\">\nDERECHOS ARCO<\/span><br ><span  style=\"font-family: arial, helvetica, sans-serif; font-weight: 300; color: rgb(0, 0, 0);\">\nUsted tiene derecho a conocer qu\u00e9 datos personales tenemos de usted, para qu\u00e9 los utilizamos y las condiciones del uso que les damos (Acceso). Asimismo, es su derecho solicitar la correcci\u00f3n de su informaci\u00f3n personal en caso de que est\u00e9 desactualizada, sea inexacta o incompleta (Rectificaci\u00f3n); que la eliminemos de nuestros registros o bases de datos cuando considere que la misma no est\u00e1 siendo utilizada adecuadamente (Cancelaci\u00f3n); as\u00ed como oponerse al uso de sus datos personales para fines espec\u00edficos (Oposici\u00f3n). Estos derechos se conocen como derechos ARCO<\/span><br ><span  style=\"font-family: arial, helvetica, sans-serif; font-weight: 300; color: rgb(0, 0, 0);\">\nPara el ejercicio de cualquiera de los derechos ARCO, usted deber\u00e1 presentar la solicitud respectiva dirigi\u00e9ndose por escrito al correo electr\u00f3nico: datos_personales@mxceptec.com con atenci\u00f3n al Encargado del \u00c1rea de Protecci\u00f3n de Datos Personales. Para conocer el procedimiento y requisitos para el ejercicio de los derechos ARCO, ponemos a su disposici\u00f3n el correo electr\u00f3nico datos_personales@mxceptec.com<\/span><br ><span  style=\"font-family: arial, helvetica, sans-serif; font-weight: 300; color: rgb(0, 0, 0);\">\nLos datos de contacto de la persona o departamento de datos personales de CEPTEC, que est\u00e1 a cargo de dar tr\u00e1mite a las solicitudes de derechos ARCO, son los siguientes: (i) nombre de la persona o departamento: \u201cencargado del \u00e1rea de protecci\u00f3n de datos personales\u201d (ii) domicilio: Lago Alberto #442, oficina 303, Torre A, Colonia An\u00e1huac, Alcald\u00eda Miguel Hidalgo, C.P. 11320, Ciudad de M\u00e9xico, (iii) correo electr\u00f3nico: datos_personales@mxceptec.com<\/span><br ><span  style=\"font-family: arial, helvetica, sans-serif; font-weight: 600; color: rgb(0, 0, 0);\">\nREVOCACION DE CONSENTIMIENTO<\/span><br ><span  style=\"font-family: arial, helvetica, sans-serif; font-weight: 300; color: rgb(0, 0, 0);\">\nUsted puede revocar el consentimiento que, en su caso, nos haya otorgado para el tratamiento de sus datos personales, sin embargo, es importante que tenga en cuenta que no en todos los casos podremos atender su solicitud o concluir el uso de forma inmediata, ya que es posible que por alguna obligaci\u00f3n legal requiramos seguir tratando sus datos personales. Asimismo, usted deber\u00e1 considerar que para ciertos fines, la revocaci\u00f3n de su consentimiento implicar\u00e1 que no le podamos seguir prestando el servicio que nos solicit\u00f3, o la conclusi\u00f3n de su relaci\u00f3n con nosotros.<\/span><br ><span  style=\"font-family: arial, helvetica, sans-serif; font-weight: 300; color: rgb(0, 0, 0);\">\nPara revocar su consentimiento deber\u00e1 presentar su solicitud dirigi\u00e9ndose por escrito al correo electr\u00f3nico: datos_personales@mxceptec.com con atenci\u00f3n al Encargado del \u00c1rea de Protecci\u00f3n de Datos Personales. Para conocer el procedimiento y requisitos para la revocaci\u00f3n del consentimiento, deber\u00e1 presentar su solicitud dirigi\u00e9ndose por escrito al correo electr\u00f3nico: datos_personales@mxceptec.com con atenci\u00f3n al Encargado del \u00c1rea de Protecci\u00f3n de Datos Personales.<\/span><br ><span  style=\"font-family: arial, helvetica, sans-serif; font-weight: 600; color: rgb(0, 0, 0);\">\nLIMITACI\u00d3N DEL USO Y DIVULGACI\u00d3N DE SU INFORMACI\u00d3N<\/span><br ><span  style=\"font-family: arial, helvetica, sans-serif; font-weight: 300; color: rgb(0, 0, 0);\">\nCon el objeto de que usted pueda limitar el uso y divulgaci\u00f3n de su informaci\u00f3n personal, deber\u00e1 presentar su solicitud al correo electr\u00f3nico: datos_personales@mxceptec.com con atenci\u00f3n al Encargado del \u00c1rea de Protecci\u00f3n de Datos Personales. En caso de que su solicitud sea procedente se le registrar\u00e1 en el listado de exclusi\u00f3n propio de CEPTEC., de igual forma en caso de que no desee obtener publicidad de nuestra parte, deber\u00e1 inscribirse en el listado de Registro P\u00fablico para Evitar Publicidad, para mayor informaci\u00f3n sobre dicho Registro, consulte el portal de internet de la PROFECO.<\/span><br ><span  style=\"font-family: arial, helvetica, sans-serif; font-weight: 600; color: rgb(0, 0, 0);\">\nCAMBIOS AL AVISO DE PUBLICIDAD<\/span><br ><span  style=\"font-family: arial, helvetica, sans-serif; font-weight: 300; color: rgb(0, 0, 0);\">\nEl presente aviso de privacidad puede sufrir modificaciones, cambios o actualizaciones derivadas de nuevos requerimientos legales; de nuestras propias necesidades por los productos o servicios que ofrecemos; de nuestras pr\u00e1cticas de privacidad; de cambios en nuestro modelo de negocio, o por otras causas.<\/span><br ><span  style=\"font-family: arial, helvetica, sans-serif; font-weight: 300; color: rgb(0, 0, 0);\">\n\u00daltima actualizaci\u00f3n, mayo de 2023.<\/span><\/p><\/div> <\/div> <div  class=\"row center-xs middle-xs\"> <div  class=\"col-sm-9\" data-type=\"column\"> <\/div> <\/div><\/div> <\/div>","protected":false},"excerpt":{"rendered":"<p>AVISO DE PRIVACIDAD. IDENTIDAD Y DOMICILIO DEL RESPONSABLE En cumplimiento a lo establecido por la Ley General de Protecci\u00f3n de Datos Personales en Posesi\u00f3n de Sujetos Obligados (LGPDPPSO)., mediante este aviso, Consultores Especializados en Plataformas Tecnol\u00f3gicas Empresariales, CEPTEC, S.A. de C.V. (en adelante CEPTEC), y sus filiales, con domicilio en Lago Alberto 442,Torre A; Piso&hellip; <br \/> <a class=\"read-more\" href=\"https:\/\/www.mxceptec.com\/mxceptec\/aviso-de-privacidad\/\">Read more<\/a><\/p>\n","protected":false},"author":1,"featured_media":0,"parent":0,"menu_order":0,"comment_status":"closed","ping_status":"closed","template":"pro\/page-templates\/full-width-page.php","meta":{"_joinchat":[],"footnotes":""},"class_list":["post-22","page","type-page","status-publish","hentry"],"_links":{"self":[{"href":"https:\/\/www.mxceptec.com\/mxceptec\/wp-json\/wp\/v2\/pages\/22","targetHints":{"allow":["GET"]}}],"collection":[{"href":"https:\/\/www.mxceptec.com\/mxceptec\/wp-json\/wp\/v2\/pages"}],"about":[{"href":"https:\/\/www.mxceptec.com\/mxceptec\/wp-json\/wp\/v2\/types\/page"}],"author":[{"embeddable":true,"href":"https:\/\/www.mxceptec.com\/mxceptec\/wp-json\/wp\/v2\/users\/1"}],"replies":[{"embeddable":true,"href":"https:\/\/www.mxceptec.com\/mxceptec\/wp-json\/wp\/v2\/comments?post=22"}],"version-history":[{"count":9,"href":"https:\/\/www.mxceptec.com\/mxceptec\/wp-json\/wp\/v2\/pages\/22\/revisions"}],"predecessor-version":[{"id":1095,"href":"https:\/\/www.mxceptec.com\/mxceptec\/wp-json\/wp\/v2\/pages\/22\/revisions\/1095"}],"wp:attachment":[{"href":"https:\/\/www.mxceptec.com\/mxceptec\/wp-json\/wp\/v2\/media?parent=22"}],"curies":[{"name":"wp","href":"https:\/\/api.w.org\/{rel}","templated":true}]}}